{"id":5,"date":"2015-08-07T11:12:36","date_gmt":"2015-08-07T10:12:36","guid":{"rendered":"http:\/\/pentomino.be\/_new\/?page_id=5"},"modified":"2025-12-03T10:19:45","modified_gmt":"2025-12-03T09:19:45","slug":"accueil","status":"publish","type":"page","link":"https:\/\/www.pentomino.be\/fr\/","title":{"rendered":"Accueil"},"content":{"rendered":"<p style=\"text-align: center;\"><img decoding=\"async\" class=\"aligncenter size-medium wp-image-7\" src=\"http:\/\/www.pentomino.be\/\/wp-content\/uploads\/l-equilibre-inatendu-300x108.png\" alt=\"l-equilibre-inatendu\" width=\"160\" srcset=\"https:\/\/www.pentomino.be\/wp-content\/uploads\/l-equilibre-inatendu-300x108.png 300w, https:\/\/www.pentomino.be\/wp-content\/uploads\/l-equilibre-inatendu.png 421w\" sizes=\"(max-width: 300px) 100vw, 300px\" \/><\/p>\n<p>\u00a0<\/p>\n<p style=\"text-align: center;\">Notre mission?<\/p>\n<p style=\"text-align: center;\">Cr\u00e9er\u00a0la magie par l&rsquo;\u00e9merveillement des hommes devant l&rsquo;\u00e9quilibre inattendu.<\/p>\n<p style=\"text-align: center;\">Comment ?<\/p>\n<p style=\"text-align: center;\">En transformant votre logo, ou tout objet faisant sens, en une \u0153uvre qui parle de vous et suscite l&rsquo;\u00e9merveillement.<\/p>\n<p style=\"text-align: center;\">Notre but ?<\/p>\n<p style=\"text-align: center;\">Enchanter vos clients et collaborateurs en leur offrant une autre image de votre soci\u00e9t\u00e9.<\/p>\n<p style=\"text-align: center;\">Les supports de cette r\u00e9alisation peuvent \u00eatre multiples, et aller de la carte pop-up aux casse-t\u00eates g\u00e9ants, pour autant que la d\u00e9marche s&rsquo;inscrive dans vos valeurs, allie publicit\u00e9 et design, et soit ludique. Nous vous proposons un service global, reprenant tous les supports que vous jugerez n\u00e9cessaires, la seule limite \u00e9tant votre imagination.<\/p>\n<p>\u00a0<\/p>\n\n\n<div style=\"height:100px\" aria-hidden=\"true\" class=\"wp-block-spacer\"><\/div>\n","protected":false},"excerpt":{"rendered":"<p>\u00a0 Notre mission? Cr\u00e9er\u00a0la magie par l&rsquo;\u00e9merveillement des hommes devant l&rsquo;\u00e9quilibre inattendu. Comment ? En transformant votre logo, ou tout objet faisant sens, en une \u0153uvre qui parle de vous et suscite l&rsquo;\u00e9merveillement. Notre but ? Enchanter vos clients et collaborateurs en leur offrant une autre image de votre soci\u00e9t\u00e9. Les supports de cette r\u00e9alisation [&hellip;]<\/p>\n","protected":false},"author":4,"featured_media":0,"parent":0,"menu_order":0,"comment_status":"open","ping_status":"open","template":"","meta":{"_acf_changed":false,"footnotes":""},"class_list":["post-5","page","type-page","status-publish","hentry"],"acf":[],"_links":{"self":[{"href":"https:\/\/www.pentomino.be\/fr\/wp-json\/wp\/v2\/pages\/5","targetHints":{"allow":["GET"]}}],"collection":[{"href":"https:\/\/www.pentomino.be\/fr\/wp-json\/wp\/v2\/pages"}],"about":[{"href":"https:\/\/www.pentomino.be\/fr\/wp-json\/wp\/v2\/types\/page"}],"author":[{"embeddable":true,"href":"https:\/\/www.pentomino.be\/fr\/wp-json\/wp\/v2\/users\/4"}],"replies":[{"embeddable":true,"href":"https:\/\/www.pentomino.be\/fr\/wp-json\/wp\/v2\/comments?post=5"}],"version-history":[{"count":15,"href":"https:\/\/www.pentomino.be\/fr\/wp-json\/wp\/v2\/pages\/5\/revisions"}],"predecessor-version":[{"id":916,"href":"https:\/\/www.pentomino.be\/fr\/wp-json\/wp\/v2\/pages\/5\/revisions\/916"}],"wp:attachment":[{"href":"https:\/\/www.pentomino.be\/fr\/wp-json\/wp\/v2\/media?parent=5"}],"curies":[{"name":"wp","href":"https:\/\/api.w.org\/{rel}","templated":true}]}}